{"id":23,"date":"2018-05-23T06:21:50","date_gmt":"2018-05-23T06:21:50","guid":{"rendered":"http:\/\/rarathemesdemo.com\/perfect-portfolio\/?page_id=23"},"modified":"2022-11-07T21:07:41","modified_gmt":"2022-11-07T21:07:41","slug":"alcp","status":"publish","type":"page","link":"https:\/\/angelcampospalacios.com\/?page_id=23","title":{"rendered":"About me"},"content":{"rendered":"\n<p id=\"wnd_TextBlock_161061066_inner_0\">Hola, soy \u00c1ngel y nac\u00ed en Madrid en el a\u00f1o 1991. <\/p>\n\n\n\n<p id=\"wnd_TextBlock_161061066_inner_1\">Estudi\u00e9 <strong>arquitectura<\/strong> en Madrid pero realic\u00e9 dos a\u00f1os fuera de mi ciudad. Uno en Venecia en la <strong>IUAV<\/strong> y otro en Barcelona en la <strong>ETSAV<\/strong> de la <strong>UPC<\/strong>.<\/p>\n\n\n\n<p id=\"wnd_TextBlock_161061066_inner_2\">Desde que tengo memoria me ha interesado el cine y su industria. Sol\u00eda comprar Fotogramas para chequear cada mes el Boxoffice y las novedades de todas las pelis. Adem\u00e1s una de las cosas m\u00e1s friquis que hago es mirar cada d\u00eda los shares y las audiencias de las cadenas de tv en Espa\u00f1a y lo hago desde que era un enano. <\/p>\n\n\n\n<p>Si ya has llegado hasta aqu\u00ed, te preguntar\u00e1s \u00bfpor qu\u00e9 estudi\u00e9 arquitectura? yo tambi\u00e9n me lo he preguntado mucho, pero imagino que fue porque es una disciplina que cambi\u00f3 mi percepci\u00f3n y mi forma de pensar acerca del espacio y de la luz y la sombra. <\/p>\n\n\n\n<p id=\"wnd_TextBlock_161061066_inner_4\">Durante la pandemia decidi dar el paso y empezar a formarme para trabajar en lo que me apasiona: <strong>contar historias<\/strong> y hacerlo a trav\u00e9s del arte y los espacios. Es por eso que decid\u00ed estudiar el <strong>M\u00e1ster en Direcci\u00f3n de arte<\/strong> en la <strong>ESCAC<\/strong>.<\/p>\n\n\n\n<p>Si ya has llegado hasta aqu\u00ed y te apetece que construyamos historias <strong>\u00a1cont\u00e1ctame!<\/strong><\/p>\n\n\n\n<p id=\"wnd_TextBlock_161061066_inner_5\"><\/p>\n\n\n\n<p class=\"has-medium-font-size\"><\/p>\n\n\n\n<p><\/p>\n\n\n\n<h5 class=\"wp-block-heading\">&nbsp;<\/h5>\n","protected":false},"excerpt":{"rendered":"<p>Hola, soy \u00c1ngel y nac\u00ed en Madrid en el a\u00f1o 1991. Estudi\u00e9 arquitectura en Madrid pero realic\u00e9 dos a\u00f1os fuera de mi ciudad. Uno en Venecia en la IUAV y otro en Barcelona en la ETSAV de la UPC. Desde que tengo memoria me ha interesado el cine y su industria. Sol\u00eda comprar Fotogramas para &hellip; <\/p>\n","protected":false},"author":1,"featured_media":626,"parent":0,"menu_order":0,"comment_status":"closed","ping_status":"closed","template":"","meta":{"footnotes":""},"class_list":["post-23","page","type-page","status-publish","has-post-thumbnail","hentry"],"_links":{"self":[{"href":"https:\/\/angelcampospalacios.com\/index.php?rest_route=\/wp\/v2\/pages\/23","targetHints":{"allow":["GET"]}}],"collection":[{"href":"https:\/\/angelcampospalacios.com\/index.php?rest_route=\/wp\/v2\/pages"}],"about":[{"href":"https:\/\/angelcampospalacios.com\/index.php?rest_route=\/wp\/v2\/types\/page"}],"author":[{"embeddable":true,"href":"https:\/\/angelcampospalacios.com\/index.php?rest_route=\/wp\/v2\/users\/1"}],"replies":[{"embeddable":true,"href":"https:\/\/angelcampospalacios.com\/index.php?rest_route=%2Fwp%2Fv2%2Fcomments&post=23"}],"version-history":[{"count":14,"href":"https:\/\/angelcampospalacios.com\/index.php?rest_route=\/wp\/v2\/pages\/23\/revisions"}],"predecessor-version":[{"id":814,"href":"https:\/\/angelcampospalacios.com\/index.php?rest_route=\/wp\/v2\/pages\/23\/revisions\/814"}],"wp:featuredmedia":[{"embeddable":true,"href":"https:\/\/angelcampospalacios.com\/index.php?rest_route=\/wp\/v2\/media\/626"}],"wp:attachment":[{"href":"https:\/\/angelcampospalacios.com\/index.php?rest_route=%2Fwp%2Fv2%2Fmedia&parent=23"}],"curies":[{"name":"wp","href":"https:\/\/api.w.org\/{rel}","templated":true}]}}